{"id":3001,"date":"2023-02-07T17:04:10","date_gmt":"2023-02-07T15:04:10","guid":{"rendered":"https:\/\/www.maison-bucher.com\/?page_id=3001"},"modified":"2023-02-07T17:06:27","modified_gmt":"2023-02-07T15:06:27","slug":"la-jatte-reservation-de-groupe-pizzeria","status":"publish","type":"page","link":"https:\/\/www.maison-bucher.com\/en\/la-jatte-reservation-de-groupe-pizzeria\/","title":{"rendered":"La Jatte &#8211; R\u00e9servation de groupe Pizzeria"},"content":{"rendered":"\t\t<div data-elementor-type=\"wp-page\" data-elementor-id=\"3001\" class=\"elementor elementor-3001\">\n\t\t\t\t\t\t<section data-dce-background-image-url=\"https:\/\/www.maison-bucher.com\/wp-content\/uploads\/2022\/12\/rej_form.jpg\" class=\"elementor-section elementor-top-section elementor-element elementor-element-4973bb8 elementor-section-full_width elementor-section-height-min-height elementor-section-items-stretch elementor-section-stretched elementor-section-height-default\" data-id=\"4973bb8\" data-element_type=\"section\" data-settings=\"{&quot;stretch_section&quot;:&quot;section-stretched&quot;,&quot;background_background&quot;:&quot;classic&quot;}\">\n\t\t\t\t\t\t<div class=\"elementor-container elementor-column-gap-default\">\n\t\t\t\t\t<div class=\"elementor-column elementor-col-100 elementor-top-column elementor-element elementor-element-301292b\" data-id=\"301292b\" data-element_type=\"column\" data-settings=\"{&quot;background_background&quot;:&quot;classic&quot;}\">\n\t\t\t<div class=\"elementor-widget-wrap elementor-element-populated\">\n\t\t\t\t\t\t<div class=\"elementor-element elementor-element-21134aa dce_masking-none elementor-widget elementor-widget-image\" data-id=\"21134aa\" data-element_type=\"widget\" data-widget_type=\"image.default\">\n\t\t\t\t<div class=\"elementor-widget-container\">\n\t\t\t\t\t\t\t\t\t\t\t\t\t\t\t<img fetchpriority=\"high\" decoding=\"async\" width=\"399\" height=\"220\" src=\"https:\/\/www.maison-bucher.com\/wp-content\/uploads\/2022\/12\/CAFE-LA-JATTE_LOGO_BLANC-1.png\" class=\"attachment-full size-full wp-image-2009\" alt=\"\" srcset=\"https:\/\/www.maison-bucher.com\/wp-content\/uploads\/2022\/12\/CAFE-LA-JATTE_LOGO_BLANC-1.png 399w, https:\/\/www.maison-bucher.com\/wp-content\/uploads\/2022\/12\/CAFE-LA-JATTE_LOGO_BLANC-1-300x165.png 300w, https:\/\/www.maison-bucher.com\/wp-content\/uploads\/2022\/12\/CAFE-LA-JATTE_LOGO_BLANC-1-18x10.png 18w\" sizes=\"(max-width: 399px) 100vw, 399px\" \/>\t\t\t\t\t\t\t\t\t\t\t\t\t\t\t<\/div>\n\t\t\t\t<\/div>\n\t\t\t\t\t<\/div>\n\t\t<\/div>\n\t\t\t\t\t<\/div>\n\t\t<\/section>\n\t\t\t\t<section class=\"elementor-section elementor-top-section elementor-element elementor-element-cde6745 elementor-section-full_width elementor-section-stretched elementor-section-height-default elementor-section-height-default\" data-id=\"cde6745\" data-element_type=\"section\" data-settings=\"{&quot;stretch_section&quot;:&quot;section-stretched&quot;}\">\n\t\t\t\t\t\t<div class=\"elementor-container elementor-column-gap-default\">\n\t\t\t\t\t<div data-dce-background-image-url=\"https:\/\/www.maison-bucher.com\/wp-content\/uploads\/2022\/12\/la_jatte-mb.jpg\" class=\"elementor-column elementor-col-100 elementor-top-column elementor-element elementor-element-8ec16e9\" data-id=\"8ec16e9\" data-element_type=\"column\" data-settings=\"{&quot;background_background&quot;:&quot;classic&quot;}\">\n\t\t\t<div class=\"elementor-widget-wrap elementor-element-populated\">\n\t\t\t\t\t\t<div data-dce-advanced-background-color=\"#FFFFFF\" class=\"elementor-element elementor-element-5572376 elementor-widget elementor-widget-heading\" data-id=\"5572376\" data-element_type=\"widget\" data-widget_type=\"heading.default\">\n\t\t\t\t<div class=\"elementor-widget-container\">\n\t\t\t\t\t<h2 class=\"elementor-heading-title elementor-size-default\">Caf\u00e9 La Jatte - La Pizz\u00e9ria<\/h2>\t\t\t\t<\/div>\n\t\t\t\t<\/div>\n\t\t\t\t<div data-dce-advanced-background-color=\"#FFFFFF\" class=\"elementor-element elementor-element-5a4f789 elementor-button-align-center my-form elementor-widget elementor-widget-form\" data-id=\"5a4f789\" data-element_type=\"widget\" data-settings=\"{&quot;step_next_label&quot;:&quot;Suivant&quot;,&quot;step_previous_label&quot;:&quot;Pr\\u00e9c\\u00e9dent&quot;,&quot;button_width&quot;:&quot;100&quot;,&quot;dce_confirm_dialog_enabled&quot;:&quot;no&quot;,&quot;step_type&quot;:&quot;number_text&quot;,&quot;step_icon_shape&quot;:&quot;circle&quot;,&quot;label_icon_size&quot;:{&quot;unit&quot;:&quot;px&quot;,&quot;size&quot;:&quot;&quot;,&quot;sizes&quot;:[]},&quot;field_icon_size&quot;:{&quot;unit&quot;:&quot;px&quot;,&quot;size&quot;:&quot;&quot;,&quot;sizes&quot;:[]}}\" data-widget_type=\"form.default\">\n\t\t\t\t<div class=\"elementor-widget-container\">\n\t\t\t\t\t\t\t<form class=\"elementor-form\" method=\"post\" name=\"rcformgroupe\">\n\t\t\t<input type=\"hidden\" name=\"post_id\" value=\"3001\"\/>\n\t\t\t<input type=\"hidden\" name=\"form_id\" value=\"5a4f789\"\/>\n\t\t\t<input type=\"hidden\" name=\"referer_title\" value=\"\" \/>\n\n\t\t\t\n\t\t\t<div class=\"elementor-form-fields-wrapper elementor-labels-above\">\n\t\t\t\t\t\t\t\t<div class=\"elementor-field-type-text elementor-field-group elementor-column elementor-field-group-rcentreprise elementor-col-100\">\n\t\t\t\t\t\t\t\t\t\t\t\t\t<input size=\"1\" type=\"text\" name=\"form_fields[rcentreprise]\" id=\"form-field-rcentreprise\" class=\"elementor-field elementor-size-sm  elementor-field-textual\" placeholder=\"Entreprise\">\n\t\t\t\t\t\t\t\t\t\t\t<\/div>\n\t\t\t\t\t\t\t\t<div class=\"elementor-field-type-text elementor-field-group elementor-column elementor-field-group-rcnom elementor-col-50 elementor-field-required\">\n\t\t\t\t\t\t\t\t\t\t\t\t\t<input size=\"1\" type=\"text\" name=\"form_fields[rcnom]\" id=\"form-field-rcnom\" class=\"elementor-field elementor-size-sm  elementor-field-textual\" placeholder=\"Nom\" required=\"required\" aria-required=\"true\">\n\t\t\t\t\t\t\t\t\t\t\t<\/div>\n\t\t\t\t\t\t\t\t<div class=\"elementor-field-type-text elementor-field-group elementor-column elementor-field-group-rcprenom elementor-col-50 elementor-field-required\">\n\t\t\t\t\t\t\t\t\t\t\t\t\t<input size=\"1\" type=\"text\" name=\"form_fields[rcprenom]\" id=\"form-field-rcprenom\" class=\"elementor-field elementor-size-sm  elementor-field-textual\" placeholder=\"Pr\u00e9nom\" required=\"required\" aria-required=\"true\">\n\t\t\t\t\t\t\t\t\t\t\t<\/div>\n\t\t\t\t\t\t\t\t<div class=\"elementor-field-type-date elementor-field-group elementor-column elementor-field-group-rcdatereservation elementor-col-33 elementor-field-required\">\n\t\t\t\t\t\n\t\t<input type=\"date\" name=\"form_fields[rcdatereservation]\" id=\"form-field-rcdatereservation\" class=\"elementor-field elementor-size-sm  elementor-field-textual elementor-date-field elementor-use-native\" placeholder=\"Date de r\u00e9servation\" required=\"required\" aria-required=\"true\" pattern=\"[0-9]{4}-[0-9]{2}-[0-9]{2}\">\n\t\t\t\t\t\t<\/div>\n\t\t\t\t\t\t\t\t<div class=\"elementor-field-type-select elementor-field-group elementor-column elementor-field-group-rcheurereservation elementor-col-33 elementor-field-required\">\n\t\t\t\t\t\t\t<div class=\"elementor-field elementor-select-wrapper \">\n\t\t\t<select name=\"form_fields[rcheurereservation]\" id=\"form-field-rcheurereservation\" class=\"elementor-field-textual elementor-size-sm\" required=\"required\" aria-required=\"true\">\n\t\t\t\t\t\t\t\t\t<option value=\"12:00\">12:00<\/option>\n\t\t\t\t\t\t\t\t\t<option value=\"12:30\">12:30<\/option>\n\t\t\t\t\t\t\t\t\t<option value=\"13:00\">13:00<\/option>\n\t\t\t\t\t\t\t\t\t<option value=\"13:30\">13:30<\/option>\n\t\t\t\t\t\t\t\t\t<option value=\"19:30\">19:30<\/option>\n\t\t\t\t\t\t\t\t\t<option value=\"20:00\">20:00<\/option>\n\t\t\t\t\t\t\t\t\t<option value=\"20:30\">20:30<\/option>\n\t\t\t\t\t\t\t\t\t<option value=\"21:00\">21:00<\/option>\n\t\t\t\t\t\t\t\t\t<option value=\"21:30\">21:30<\/option>\n\t\t\t\t\t\t\t<\/select>\n\t\t<\/div>\n\t\t\t\t\t\t<\/div>\n\t\t\t\t\t\t\t\t<div class=\"elementor-field-type-number elementor-field-group elementor-column elementor-field-group-rcnbpersonnes elementor-col-33 elementor-field-required\">\n\t\t\t\t\t\t\t\t<input type=\"number\" name=\"form_fields[rcnbpersonnes]\" id=\"form-field-rcnbpersonnes\" class=\"elementor-field elementor-size-sm  elementor-field-textual\" placeholder=\"Nombre de personnes\" required=\"required\" aria-required=\"true\" min=\"13\" max=\"\" >\n\t\t\t\t\t\t<\/div>\n\t\t\t\t\t\t\t\t<div class=\"elementor-field-type-tel elementor-field-group elementor-column elementor-field-group-rctelephone elementor-col-50 elementor-field-required\">\n\t\t\t\t\t\t\t<input size=\"1\" type=\"tel\" name=\"form_fields[rctelephone]\" id=\"form-field-rctelephone\" class=\"elementor-field elementor-size-sm  elementor-field-textual\" placeholder=\"T\u00e9l\u00e9phone\" required=\"required\" aria-required=\"true\" pattern=\"[0-9()#&amp;+*-=.]+\" title=\"Only numbers and phone characters (#, -, *, etc) are accepted.\">\n\n\t\t\t\t\t\t<\/div>\n\t\t\t\t\t\t\t\t<div class=\"elementor-field-type-email elementor-field-group elementor-column elementor-field-group-rcemail elementor-col-50 elementor-field-required\">\n\t\t\t\t\t\t\t\t\t\t\t\t\t<input size=\"1\" type=\"email\" name=\"form_fields[rcemail]\" id=\"form-field-rcemail\" class=\"elementor-field elementor-size-sm  elementor-field-textual\" placeholder=\"E-mail\" required=\"required\" aria-required=\"true\">\n\t\t\t\t\t\t\t\t\t\t\t<\/div>\n\t\t\t\t\t\t\t\t<div class=\"elementor-field-type-textarea elementor-field-group elementor-column elementor-field-group-rcmessage elementor-col-100\">\n\t\t\t\t\t<textarea class=\"elementor-field-textual elementor-field  elementor-size-sm\" name=\"form_fields[rcmessage]\" id=\"form-field-rcmessage\" rows=\"4\" placeholder=\"Message\"><\/textarea>\t\t\t\t<\/div>\n\t\t\t\t<div class=\"elementor-field-type-text elementor-field-group elementor-column elementor-field-group-text elementor-col-100 elementor-field-required\"><input id=\"f12_captcha\" type=\"text\" style=\"visibility:hidden!important; opacity:1!important; height:0!important; width:0!important; margin:0!important; padding:0!important;\" name=\"f12_captcha\" value=\"\"\/><\/div>\t\t\t\t<div class=\"elementor-field-type-radio elementor-field-group elementor-column elementor-field-group-rcnewsletter elementor-col-100\">\n\t\t\t\t\t\t\t\t\t\t\t\t<label for=\"form-field-rcnewsletter\" class=\"elementor-field-label\">\n\t\t\t\t\t\t\t\tSouhaitez -vous vous inscrire \u00e0 la newsletter ?\t\t\t\t\t\t\t<\/label>\n\t\t\t\t\t\t<div class=\"elementor-field-subgroup  elementor-subgroup-inline\"><span class=\"elementor-field-option\"><input type=\"radio\" value=\"oui\" id=\"form-field-rcnewsletter-0\" name=\"form_fields[rcnewsletter]\" checked=\"checked\"> <label for=\"form-field-rcnewsletter-0\">oui<\/label><\/span><span class=\"elementor-field-option\"><input type=\"radio\" value=\"non\" id=\"form-field-rcnewsletter-1\" name=\"form_fields[rcnewsletter]\"> <label for=\"form-field-rcnewsletter-1\">non<\/label><\/span><\/div>\t\t\t\t<\/div>\n\t\t\t\t\t\t\t\t<div class=\"elementor-field-group elementor-column elementor-field-type-submit elementor-col-100 e-form__buttons\">\n\t\t\t\t\t<button type=\"submit\" class=\"elementor-button elementor-size-sm\">\n\t\t\t\t\t\t<span >\n\t\t\t\t\t\t\t\t\t\t\t\t\t\t\t<span class=\" elementor-button-icon\">\n\t\t\t\t\t\t\t\t\t\t\t\t\t\t\t\t\t\t\t\t\t\t\t\t\t\t<\/span>\n\t\t\t\t\t\t\t\t\t\t\t\t\t\t\t\t\t\t\t\t\t\t<span class=\"elementor-button-text\">Envoyer<\/span>\n\t\t\t\t\t\t\t\t\t\t\t\t\t<\/span>\n\t\t\t\t\t<\/button>\n\t\t\t\t<\/div>\n\t\t\t<\/div>\n\t\t<\/form>\n\t\t\t\t\t\t<\/div>\n\t\t\t\t<\/div>\n\t\t\t\t\t<\/div>\n\t\t<\/div>\n\t\t\t\t\t<\/div>\n\t\t<\/section>\n\t\t\t\t<\/div>\n\t\t","protected":false},"excerpt":{"rendered":"<p>Caf\u00e9 La Jatte &#8211; La Pizz\u00e9ria<\/p>","protected":false},"author":4,"featured_media":0,"parent":0,"menu_order":0,"comment_status":"closed","ping_status":"closed","template":"","meta":{"_acf_changed":false,"footnotes":""},"class_list":["post-3001","page","type-page","status-publish","hentry"],"acf":[],"yoast_head":"<!-- This site is optimized with the Yoast SEO plugin v26.9 - https:\/\/yoast.com\/product\/yoast-seo-wordpress\/ -->\n<title>La Jatte - R\u00e9servation de groupe Pizzeria -<\/title>\n<meta name=\"robots\" content=\"index, follow, max-snippet:-1, max-image-preview:large, max-video-preview:-1\" \/>\n<link rel=\"canonical\" href=\"https:\/\/www.maison-bucher.com\/en\/la-jatte-reservation-de-groupe-pizzeria\/\" \/>\n<meta property=\"og:locale\" content=\"en_GB\" \/>\n<meta property=\"og:type\" content=\"article\" \/>\n<meta property=\"og:title\" content=\"La Jatte - R\u00e9servation de groupe Pizzeria -\" \/>\n<meta property=\"og:description\" content=\"Caf\u00e9 La Jatte &#8211; La Pizz\u00e9ria\" \/>\n<meta property=\"og:url\" content=\"https:\/\/www.maison-bucher.com\/en\/la-jatte-reservation-de-groupe-pizzeria\/\" \/>\n<meta property=\"article:modified_time\" content=\"2023-02-07T15:06:27+00:00\" \/>\n<meta property=\"og:image\" content=\"https:\/\/www.maison-bucher.com\/wp-content\/uploads\/2022\/12\/CAFE-LA-JATTE_LOGO_BLANC-1.png\" \/>\n<meta name=\"twitter:card\" content=\"summary_large_image\" \/>\n<meta name=\"twitter:label1\" content=\"Estimated reading time\" \/>\n\t<meta name=\"twitter:data1\" content=\"1 minute\" \/>\n<script type=\"application\/ld+json\" class=\"yoast-schema-graph\">{\"@context\":\"https:\/\/schema.org\",\"@graph\":[{\"@type\":\"WebPage\",\"@id\":\"https:\/\/www.maison-bucher.com\/la-jatte-reservation-de-groupe-pizzeria\/\",\"url\":\"https:\/\/www.maison-bucher.com\/la-jatte-reservation-de-groupe-pizzeria\/\",\"name\":\"La Jatte - R\u00e9servation de groupe Pizzeria -\",\"isPartOf\":{\"@id\":\"https:\/\/www.maison-bucher.com\/#website\"},\"primaryImageOfPage\":{\"@id\":\"https:\/\/www.maison-bucher.com\/la-jatte-reservation-de-groupe-pizzeria\/#primaryimage\"},\"image\":{\"@id\":\"https:\/\/www.maison-bucher.com\/la-jatte-reservation-de-groupe-pizzeria\/#primaryimage\"},\"thumbnailUrl\":\"https:\/\/www.maison-bucher.com\/wp-content\/uploads\/2022\/12\/CAFE-LA-JATTE_LOGO_BLANC-1.png\",\"datePublished\":\"2023-02-07T15:04:10+00:00\",\"dateModified\":\"2023-02-07T15:06:27+00:00\",\"breadcrumb\":{\"@id\":\"https:\/\/www.maison-bucher.com\/la-jatte-reservation-de-groupe-pizzeria\/#breadcrumb\"},\"inLanguage\":\"en-GB\",\"potentialAction\":[{\"@type\":\"ReadAction\",\"target\":[\"https:\/\/www.maison-bucher.com\/la-jatte-reservation-de-groupe-pizzeria\/\"]}]},{\"@type\":\"ImageObject\",\"inLanguage\":\"en-GB\",\"@id\":\"https:\/\/www.maison-bucher.com\/la-jatte-reservation-de-groupe-pizzeria\/#primaryimage\",\"url\":\"https:\/\/www.maison-bucher.com\/wp-content\/uploads\/2022\/12\/CAFE-LA-JATTE_LOGO_BLANC-1.png\",\"contentUrl\":\"https:\/\/www.maison-bucher.com\/wp-content\/uploads\/2022\/12\/CAFE-LA-JATTE_LOGO_BLANC-1.png\"},{\"@type\":\"BreadcrumbList\",\"@id\":\"https:\/\/www.maison-bucher.com\/la-jatte-reservation-de-groupe-pizzeria\/#breadcrumb\",\"itemListElement\":[{\"@type\":\"ListItem\",\"position\":1,\"name\":\"Accueil\",\"item\":\"https:\/\/www.maison-bucher.com\/\"},{\"@type\":\"ListItem\",\"position\":2,\"name\":\"La Jatte &#8211; R\u00e9servation de groupe Pizzeria\"}]},{\"@type\":\"WebSite\",\"@id\":\"https:\/\/www.maison-bucher.com\/#website\",\"url\":\"https:\/\/www.maison-bucher.com\/\",\"name\":\"\",\"description\":\"\",\"potentialAction\":[{\"@type\":\"SearchAction\",\"target\":{\"@type\":\"EntryPoint\",\"urlTemplate\":\"https:\/\/www.maison-bucher.com\/?s={search_term_string}\"},\"query-input\":{\"@type\":\"PropertyValueSpecification\",\"valueRequired\":true,\"valueName\":\"search_term_string\"}}],\"inLanguage\":\"en-GB\"}]}<\/script>\n<!-- \/ Yoast SEO plugin. -->","yoast_head_json":{"title":"La Jatte - R\u00e9servation de groupe Pizzeria -","robots":{"index":"index","follow":"follow","max-snippet":"max-snippet:-1","max-image-preview":"max-image-preview:large","max-video-preview":"max-video-preview:-1"},"canonical":"https:\/\/www.maison-bucher.com\/en\/la-jatte-reservation-de-groupe-pizzeria\/","og_locale":"en_GB","og_type":"article","og_title":"La Jatte - R\u00e9servation de groupe Pizzeria -","og_description":"Caf\u00e9 La Jatte &#8211; La Pizz\u00e9ria","og_url":"https:\/\/www.maison-bucher.com\/en\/la-jatte-reservation-de-groupe-pizzeria\/","article_modified_time":"2023-02-07T15:06:27+00:00","og_image":[{"url":"https:\/\/www.maison-bucher.com\/wp-content\/uploads\/2022\/12\/CAFE-LA-JATTE_LOGO_BLANC-1.png","type":"","width":"","height":""}],"twitter_card":"summary_large_image","twitter_misc":{"Estimated reading time":"1 minute"},"schema":{"@context":"https:\/\/schema.org","@graph":[{"@type":"WebPage","@id":"https:\/\/www.maison-bucher.com\/la-jatte-reservation-de-groupe-pizzeria\/","url":"https:\/\/www.maison-bucher.com\/la-jatte-reservation-de-groupe-pizzeria\/","name":"La Jatte - R\u00e9servation de groupe Pizzeria -","isPartOf":{"@id":"https:\/\/www.maison-bucher.com\/#website"},"primaryImageOfPage":{"@id":"https:\/\/www.maison-bucher.com\/la-jatte-reservation-de-groupe-pizzeria\/#primaryimage"},"image":{"@id":"https:\/\/www.maison-bucher.com\/la-jatte-reservation-de-groupe-pizzeria\/#primaryimage"},"thumbnailUrl":"https:\/\/www.maison-bucher.com\/wp-content\/uploads\/2022\/12\/CAFE-LA-JATTE_LOGO_BLANC-1.png","datePublished":"2023-02-07T15:04:10+00:00","dateModified":"2023-02-07T15:06:27+00:00","breadcrumb":{"@id":"https:\/\/www.maison-bucher.com\/la-jatte-reservation-de-groupe-pizzeria\/#breadcrumb"},"inLanguage":"en-GB","potentialAction":[{"@type":"ReadAction","target":["https:\/\/www.maison-bucher.com\/la-jatte-reservation-de-groupe-pizzeria\/"]}]},{"@type":"ImageObject","inLanguage":"en-GB","@id":"https:\/\/www.maison-bucher.com\/la-jatte-reservation-de-groupe-pizzeria\/#primaryimage","url":"https:\/\/www.maison-bucher.com\/wp-content\/uploads\/2022\/12\/CAFE-LA-JATTE_LOGO_BLANC-1.png","contentUrl":"https:\/\/www.maison-bucher.com\/wp-content\/uploads\/2022\/12\/CAFE-LA-JATTE_LOGO_BLANC-1.png"},{"@type":"BreadcrumbList","@id":"https:\/\/www.maison-bucher.com\/la-jatte-reservation-de-groupe-pizzeria\/#breadcrumb","itemListElement":[{"@type":"ListItem","position":1,"name":"Accueil","item":"https:\/\/www.maison-bucher.com\/"},{"@type":"ListItem","position":2,"name":"La Jatte &#8211; R\u00e9servation de groupe Pizzeria"}]},{"@type":"WebSite","@id":"https:\/\/www.maison-bucher.com\/#website","url":"https:\/\/www.maison-bucher.com\/","name":"","description":"","potentialAction":[{"@type":"SearchAction","target":{"@type":"EntryPoint","urlTemplate":"https:\/\/www.maison-bucher.com\/?s={search_term_string}"},"query-input":{"@type":"PropertyValueSpecification","valueRequired":true,"valueName":"search_term_string"}}],"inLanguage":"en-GB"}]}},"_links":{"self":[{"href":"https:\/\/www.maison-bucher.com\/en\/wp-json\/wp\/v2\/pages\/3001","targetHints":{"allow":["GET"]}}],"collection":[{"href":"https:\/\/www.maison-bucher.com\/en\/wp-json\/wp\/v2\/pages"}],"about":[{"href":"https:\/\/www.maison-bucher.com\/en\/wp-json\/wp\/v2\/types\/page"}],"author":[{"embeddable":true,"href":"https:\/\/www.maison-bucher.com\/en\/wp-json\/wp\/v2\/users\/4"}],"replies":[{"embeddable":true,"href":"https:\/\/www.maison-bucher.com\/en\/wp-json\/wp\/v2\/comments?post=3001"}],"version-history":[{"count":4,"href":"https:\/\/www.maison-bucher.com\/en\/wp-json\/wp\/v2\/pages\/3001\/revisions"}],"predecessor-version":[{"id":3005,"href":"https:\/\/www.maison-bucher.com\/en\/wp-json\/wp\/v2\/pages\/3001\/revisions\/3005"}],"wp:attachment":[{"href":"https:\/\/www.maison-bucher.com\/en\/wp-json\/wp\/v2\/media?parent=3001"}],"curies":[{"name":"wp","href":"https:\/\/api.w.org\/{rel}","templated":true}]}}